{"id":2783,"date":"2019-06-13T18:28:20","date_gmt":"2019-06-13T18:28:20","guid":{"rendered":"http:\/\/joehill.nl\/TheCollection\/?page_id=2783"},"modified":"2019-06-13T18:48:09","modified_gmt":"2019-06-13T18:48:09","slug":"escapehatch007","status":"publish","type":"page","link":"https:\/\/joehill.nl\/TheCollection\/nonfiction\/escapehatch\/escapehatch007\/","title":{"rendered":"Chapter 007: License to Hill"},"content":{"rendered":"<table class=\"mcnImageBlock\" border=\"0\" width=\"100%\" cellspacing=\"0\" cellpadding=\"0\">\n<tbody class=\"mcnImageBlockOuter\">\n<tr>\n<td class=\"mcnImageBlockInner\" valign=\"top\">\n<table class=\"mcnImageContentContainer\" border=\"0\" width=\"100%\" cellspacing=\"0\" cellpadding=\"0\" align=\"left\">\n<tbody>\n<tr>\n<td class=\"mcnImageContent\" valign=\"top\"><a class=\"\" title=\"\" href=\"http:\/\/celsius232.es\/programa-2\/\" target=\"_blank\" rel=\"noopener noreferrer\"><img decoding=\"async\" class=\"mcnImage aligncenter\" src=\"https:\/\/gallery.mailchimp.com\/13c14b601d62069f910275129\/images\/6277f60b-7598-4e05-a057-6d8e22784d48.jpg\" alt=\"\" width=\"564\" align=\"center\" \/><\/a><\/td>\n<\/tr>\n<\/tbody>\n<\/table>\n<\/td>\n<\/tr>\n<\/tbody>\n<\/table>\n<table class=\"mcnTextBlock\" border=\"0\" width=\"100%\" cellspacing=\"0\" cellpadding=\"0\">\n<tbody class=\"mcnTextBlockOuter\">\n<tr>\n<td class=\"mcnTextBlockInner\" valign=\"top\">\n<table class=\"mcnTextContentContainer\" border=\"0\" width=\"100%\" cellspacing=\"0\" cellpadding=\"0\" align=\"left\">\n<tbody>\n<tr>\n<td class=\"mcnTextContent\" valign=\"top\">\n<h1>The Spanish Prisoner<\/h1>\n<p>From July 19th to the 23rd, I&#8217;ll be in Avil\u00e9s, Spain, for the acclaimed Celsius 232 festival, where I&#8217;ll be talking about\u00a0<em>The Fireman<\/em>\u00a0and\u00a0<em>Strange Weather,\u00a0<\/em>saying hello to some amazing writers like Joe Abercrombie and M.R. Carey, and generally hanging out.\u00a0<a href=\"http:\/\/celsius232.es\/programa-2\/\" target=\"_blank\" rel=\"noopener noreferrer\">The entire half week program can be found here<\/a>.<\/p>\n<p>My own schedule is as follows.<\/p>\n<p><strong><u>MADRID<\/u><br \/>\nTuesday, July 18th<\/strong><br \/>\n<strong>18:30<\/strong>\u00a0&#8211; Encuentro con Joe Hill, \u00a0maestro del terror moderno<\/p>\n<p>[A talk with, um, me, on the subject of scary books. &#8220;Maestro del terror moderno&#8221; has a nice ring to it.]<\/p>\n<p><u><strong>AVIL\u00c9S<\/strong><\/u><br \/>\n<strong>Thursday, July 20th<\/strong><br \/>\n<strong>12:40<\/strong>\u00a0Presentaci\u00f3n del libro \u201cFuego\u201d de Joe Hill, acompa\u00f1ado por Jorge Iv\u00e1n Argiz (carpa de actividades)<\/p>\n<p>[Reading and discussing\u00a0<em>The Fireman<\/em>]<\/p>\n<p><strong>Friday, July 21st<\/strong><br \/>\n<strong>19:15<\/strong>\u00a0Encuentro con Joe Hill, acompa\u00f1ado de Laura Fern\u00e1ndez y Jorge Iv\u00e1n Argiz (auditorio de la casa de cultura)<\/p>\n<p>[A general talk about the novels]<\/p>\n<p><strong>Saturday, July 22nd<\/strong><br \/>\n<strong>12:40<\/strong>\u00a0Charlando de c\u00f3mic con Joe Hill, acompa\u00f1ado de Jorge Iv\u00e1n Argiz (carpa de actividades)<\/p>\n<p>[Talkin&#8217; comic books]<\/p>\n<p><strong>19:30<\/strong>\u00a0Mesa redonda \u201cEsperanzas y decepciones de que tu obra haya sido\/vaya a ser adaptada al cine\/TV\u201d con Joe Hill, Ian McDonald, Mike Carey, Jasper Fforde y Ann Leckie, acompa\u00f1ados de Jorge Iv\u00e1n Argiz (auditorio de la Casa de Cultura)<\/p>\n<p>[A roundtable about having your work adapted to film, with Ian McDonald, M.R. Carey, Jasper Fforde, and Ann Leckie]<\/p>\n<p>Hope to see you there, friends.<\/td>\n<\/tr>\n<\/tbody>\n<\/table>\n<\/td>\n<\/tr>\n<\/tbody>\n<\/table>\n<table class=\"mcnBoxedTextBlock\" border=\"0\" width=\"100%\" cellspacing=\"0\" cellpadding=\"0\">\n<tbody class=\"mcnBoxedTextBlockOuter\">\n<tr>\n<td class=\"mcnBoxedTextBlockInner\" valign=\"top\">\n<table class=\"mcnBoxedTextContentContainer\" border=\"0\" width=\"100%\" cellspacing=\"0\" cellpadding=\"0\" align=\"left\">\n<tbody>\n<tr>\n<td>\n<table class=\"mcnTextContentContainer\" border=\"0\" width=\"100%\" cellspacing=\"0\" cellpadding=\"18\">\n<tbody>\n<tr>\n<td class=\"mcnTextContent\" style=\"text-align: center;\" valign=\"top\">That&#8217;s it.<\/p>\n<p>All I got.<\/p>\n<p>This time.<\/td>\n<\/tr>\n<\/tbody>\n<\/table>\n<\/td>\n<\/tr>\n<\/tbody>\n<\/table>\n<\/td>\n<\/tr>\n<\/tbody>\n<\/table>\n","protected":false},"excerpt":{"rendered":"<p>The Spanish Prisoner From July 19th to the 23rd, I&#8217;ll be in Avil\u00e9s, Spain, for the acclaimed Celsius 232 festival, where I&#8217;ll be talking about\u00a0The Fireman\u00a0and\u00a0Strange Weather,\u00a0saying hello to some amazing writers like Joe Abercrombie and M.R. Carey, and generally hanging out.\u00a0The entire half week program can be found here. My own schedule is as [&hellip;]<\/p>\n","protected":false},"author":1,"featured_media":2677,"parent":2664,"menu_order":0,"comment_status":"closed","ping_status":"closed","template":"","meta":{"footnotes":""},"class_list":["post-2783","page","type-page","status-publish","has-post-thumbnail","hentry"],"_links":{"self":[{"href":"https:\/\/joehill.nl\/TheCollection\/wp-json\/wp\/v2\/pages\/2783","targetHints":{"allow":["GET"]}}],"collection":[{"href":"https:\/\/joehill.nl\/TheCollection\/wp-json\/wp\/v2\/pages"}],"about":[{"href":"https:\/\/joehill.nl\/TheCollection\/wp-json\/wp\/v2\/types\/page"}],"author":[{"embeddable":true,"href":"https:\/\/joehill.nl\/TheCollection\/wp-json\/wp\/v2\/users\/1"}],"replies":[{"embeddable":true,"href":"https:\/\/joehill.nl\/TheCollection\/wp-json\/wp\/v2\/comments?post=2783"}],"version-history":[{"count":2,"href":"https:\/\/joehill.nl\/TheCollection\/wp-json\/wp\/v2\/pages\/2783\/revisions"}],"predecessor-version":[{"id":2786,"href":"https:\/\/joehill.nl\/TheCollection\/wp-json\/wp\/v2\/pages\/2783\/revisions\/2786"}],"up":[{"embeddable":true,"href":"https:\/\/joehill.nl\/TheCollection\/wp-json\/wp\/v2\/pages\/2664"}],"wp:featuredmedia":[{"embeddable":true,"href":"https:\/\/joehill.nl\/TheCollection\/wp-json\/wp\/v2\/media\/2677"}],"wp:attachment":[{"href":"https:\/\/joehill.nl\/TheCollection\/wp-json\/wp\/v2\/media?parent=2783"}],"curies":[{"name":"wp","href":"https:\/\/api.w.org\/{rel}","templated":true}]}}